{"id":456,"date":"2022-02-08T06:03:37","date_gmt":"2022-02-08T06:03:37","guid":{"rendered":"http:\/\/www.chatajogi.stronazen.pl\/?page_id=456"},"modified":"2022-02-13T05:34:38","modified_gmt":"2022-02-13T05:34:38","slug":"aktualnosci","status":"publish","type":"page","link":"https:\/\/chatajogi.pl\/index.php\/aktualnosci\/","title":{"rendered":"aktualnosci"},"content":{"rendered":"\t\t<div data-elementor-type=\"wp-page\" data-elementor-id=\"456\" class=\"elementor elementor-456\">\n\t\t\t\t\t\t\t\t\t<section class=\"elementor-section elementor-top-section elementor-element elementor-element-13acf028 elementor-section-boxed elementor-section-height-default elementor-section-height-default\" data-id=\"13acf028\" data-element_type=\"section\">\n\t\t\t\t\t\t<div class=\"elementor-container elementor-column-gap-default\">\n\t\t\t\t\t<div class=\"elementor-column elementor-col-100 elementor-top-column elementor-element elementor-element-4f95959\" data-id=\"4f95959\" data-element_type=\"column\">\n\t\t\t<div class=\"elementor-widget-wrap elementor-element-populated\">\n\t\t\t\t\t\t\t\t<div class=\"elementor-element elementor-element-12ff3eb8 elementor-widget elementor-widget-heading\" data-id=\"12ff3eb8\" data-element_type=\"widget\" data-widget_type=\"heading.default\">\n\t\t\t\t<div class=\"elementor-widget-container\">\n\t\t\t<style>\/*! elementor - v3.18.0 - 20-12-2023 *\/\n.elementor-heading-title{padding:0;margin:0;line-height:1}.elementor-widget-heading .elementor-heading-title[class*=elementor-size-]>a{color:inherit;font-size:inherit;line-height:inherit}.elementor-widget-heading .elementor-heading-title.elementor-size-small{font-size:15px}.elementor-widget-heading .elementor-heading-title.elementor-size-medium{font-size:19px}.elementor-widget-heading .elementor-heading-title.elementor-size-large{font-size:29px}.elementor-widget-heading .elementor-heading-title.elementor-size-xl{font-size:39px}.elementor-widget-heading .elementor-heading-title.elementor-size-xxl{font-size:59px}<\/style><h2 class=\"elementor-heading-title elementor-size-default\">Co u nas ostatnio..<\/h2>\t\t<\/div>\n\t\t\t\t<\/div>\n\t\t\t\t<div class=\"elementor-element elementor-element-70117742 elementor-grid-3 elementor-grid-tablet-2 elementor-grid-mobile-1 elementor-widget elementor-widget-elementor-blog-posts\" data-id=\"70117742\" data-element_type=\"widget\" data-settings=\"{&quot;columns&quot;:&quot;3&quot;,&quot;columns_tablet&quot;:&quot;2&quot;,&quot;columns_mobile&quot;:&quot;1&quot;}\" data-widget_type=\"elementor-blog-posts.default\">\n\t\t\t\t<div class=\"elementor-widget-container\">\n\t\t\t\t\t<div class=\"wpcap-grid\">\n\t\t\t\t\t\t<div class=\"wpcap-grid-container elementor-grid wpcap-grid-desktop-3 wpcap-grid-tablet-2 wpcap-grid-mobile-1 grid-meta-bottom\">\n\n\t\t\t\t\n        <article id=\"post-608\" class=\"wpcap-post post-608 post type-post status-publish format-standard has-post-thumbnail hentry category-uncategorized\">\n         \n            <div class=\"post-grid-inner\">\n            \t\n            \t\t\t\t<div class=\"post-grid-thumbnail\">\n\t\t\t\t<a href=\"https:\/\/chatajogi.pl\/index.php\/2022\/02\/19\/10-lat-chatajogi\/\">\n\t\t\t\t\t<img fetchpriority=\"high\" decoding=\"async\" width=\"930\" height=\"620\" src=\"https:\/\/chatajogi.pl\/wp-content\/uploads\/2022\/02\/Chata-Jogi_10lat-930x620.jpg\" class=\"attachment-neve-blog size-neve-blog wp-post-image\" alt=\"ChataJogi - impreza z okazji 10lecia ChataJogi. Instruktorzy dmuchaj\u0105 w \u015bwieczki na torcie\" srcset=\"https:\/\/chatajogi.pl\/wp-content\/uploads\/2022\/02\/Chata-Jogi_10lat-930x620.jpg 930w, https:\/\/chatajogi.pl\/wp-content\/uploads\/2022\/02\/Chata-Jogi_10lat-300x200.jpg 300w, https:\/\/chatajogi.pl\/wp-content\/uploads\/2022\/02\/Chata-Jogi_10lat-768x511.jpg 768w, https:\/\/chatajogi.pl\/wp-content\/uploads\/2022\/02\/Chata-Jogi_10lat-1536x1022.jpg 1536w, https:\/\/chatajogi.pl\/wp-content\/uploads\/2022\/02\/Chata-Jogi_10lat-2048x1363.jpg 2048w\" sizes=\"(max-width: 930px) 100vw, 930px\" \/>\t\t\t\t<\/a>\n\t\t\t<\/div>\n        \n                <div class=\"post-grid-text-wrap\">\n               \t\t\t\t<h3 class=\"title\">\n\t\t\t<a href=\"https:\/\/chatajogi.pl\/index.php\/2022\/02\/19\/10-lat-chatajogi\/\">10 lat ChataJogi<\/a>\n\t\t<\/h3>\n\t\t\t                \t\t<div class=\"post-grid-excerpt\">\n\t\t\t<p>Ca\u0142kiem niedawno , bo 22 stycznia 2022 roku otworzyli\u015bmy drzwi. Tak w przeno\u015bni i dos\u0142ownie , bo z okazji 10lecia Chaty Jogi urz\u0105dzili\u015bmy Dni Otwarte&hellip;<\/p>\n\t\t<\/div>\n\t\t\t                \t\t<a class=\"read-more-btn\" href=\"https:\/\/chatajogi.pl\/index.php\/2022\/02\/19\/10-lat-chatajogi\/\">Czytaj wi\u0119cej<\/a>\n\t\t                <\/div>\n\n                \t\t<div class=\"post-grid-meta\">\n\t\t\t\n\t\t\t\t<span class=\"post-date\"><time datetime=\"2022-02-19T06:08:05+00:00\">19 lutego, 2022<\/time><\/span>\n\n\t\t\t\t\t\t<\/div>\n\t\t\n            <\/div><!-- .blog-inner -->\n           \n        <\/article>\n\n        \n\t\t\t<\/div>\n\t\t<\/div>\n\t\t\t\t<\/div>\n\t\t\t\t<\/div>\n\t\t\t\t\t<\/div>\n\t\t<\/div>\n\t\t\t\t\t\t\t<\/div>\n\t\t<\/section>\n\t\t\t\t\t\t\t<\/div>\n\t\t","protected":false},"excerpt":{"rendered":"<p>Co u nas ostatnio.. wpis 1 Czytaj wi\u0119cej 8 lutego, 2022 Zaj\u0119cia Czytaj wi\u0119cej 17 grudnia, 2021 Hello world! Welcome to WordPress. This is your first post. Edit or delete it, then start writing! Czytaj wi\u0119cej 14 grudnia, 2021<\/p>\n","protected":false},"author":1,"featured_media":0,"parent":0,"menu_order":0,"comment_status":"closed","ping_status":"closed","template":"","meta":{"neve_meta_sidebar":"","neve_meta_container":"","neve_meta_enable_content_width":"","neve_meta_content_width":0,"neve_meta_title_alignment":"","neve_meta_author_avatar":"","neve_post_elements_order":"","neve_meta_disable_header":"","neve_meta_disable_footer":"","neve_meta_disable_title":"on","footnotes":""},"_links":{"self":[{"href":"https:\/\/chatajogi.pl\/index.php\/wp-json\/wp\/v2\/pages\/456"}],"collection":[{"href":"https:\/\/chatajogi.pl\/index.php\/wp-json\/wp\/v2\/pages"}],"about":[{"href":"https:\/\/chatajogi.pl\/index.php\/wp-json\/wp\/v2\/types\/page"}],"author":[{"embeddable":true,"href":"https:\/\/chatajogi.pl\/index.php\/wp-json\/wp\/v2\/users\/1"}],"replies":[{"embeddable":true,"href":"https:\/\/chatajogi.pl\/index.php\/wp-json\/wp\/v2\/comments?post=456"}],"version-history":[{"count":7,"href":"https:\/\/chatajogi.pl\/index.php\/wp-json\/wp\/v2\/pages\/456\/revisions"}],"predecessor-version":[{"id":583,"href":"https:\/\/chatajogi.pl\/index.php\/wp-json\/wp\/v2\/pages\/456\/revisions\/583"}],"wp:attachment":[{"href":"https:\/\/chatajogi.pl\/index.php\/wp-json\/wp\/v2\/media?parent=456"}],"curies":[{"name":"wp","href":"https:\/\/api.w.org\/{rel}","templated":true}]}}